{"id":824,"date":"2019-10-29T09:46:07","date_gmt":"2019-10-29T08:46:07","guid":{"rendered":"https:\/\/www.justjolie.at\/?page_id=824"},"modified":"2025-01-27T14:47:16","modified_gmt":"2025-01-27T13:47:16","slug":"bride","status":"publish","type":"page","link":"https:\/\/www.justjolie.at\/?page_id=824","title":{"rendered":"Styling Pakete"},"content":{"rendered":"\t\t<div data-elementor-type=\"wp-post\" data-elementor-id=\"824\" class=\"elementor elementor-824\">\n\t\t\t\t\t\t<section class=\"elementor-section elementor-top-section elementor-element elementor-element-603c456 elementor-section-boxed elementor-section-height-default elementor-section-height-default\" data-id=\"603c456\" data-element_type=\"section\">\n\t\t\t\t\t\t<div class=\"elementor-container elementor-column-gap-default\">\n\t\t\t\t\t<div class=\"elementor-column elementor-col-100 elementor-top-column elementor-element elementor-element-e796392\" data-id=\"e796392\" data-element_type=\"column\">\n\t\t\t<div class=\"elementor-widget-wrap elementor-element-populated\">\n\t\t\t\t\t\t<div class=\"elementor-element elementor-element-09d1864 elementor-widget elementor-widget-text-editor\" data-id=\"09d1864\" data-element_type=\"widget\" data-widget_type=\"text-editor.default\">\n\t\t\t\t<div class=\"elementor-widget-container\">\n\t\t\t\t\t\t\t<h3>Mit einem Paket, alles gedeckt!<\/h3><p>Ein Paket enth\u00e4lt jeweils Frisur, Make-up und 2 Termine.<br \/>Den Ersten, um uns besser kennen zu lernen und vorab bereits\u00a0<span style=\"color: var( --e-global-color-text ); font-family: var( --e-global-typography-text-font-family ), Sans-serif;\">in einem Probe-Styling sicher zu gehen, wie und was am gro\u00dfen Tag gemacht wird und der zweite Termin, besteht aus dem finalen Styling-Tag.<br \/><\/span><span style=\"color: var( --e-global-color-text ); font-family: var( --e-global-typography-text-font-family ), Sans-serif;\">Auf Anfrage sind auch Einzel-Termine oder Einzel-Dienstleistungen m\u00f6glich und es\u00a0k\u00f6nnen auch mobile Stylings angeboten werden.\u00a0<\/span><span style=\"color: var( --e-global-color-text ); font-family: var( --e-global-typography-text-font-family ), Sans-serif;\">Folgende Preise verstehen sich exkl. Anfahrt.<\/span><\/p><p><span style=\"font-family: var( --e-global-typography-text-font-family ), Sans-serif;\"><span style=\"color: var( --e-global-color-text );\">Diese Paket-Preise gelten\u00a0<\/span><\/span>innerhalb<span style=\"font-family: var( --e-global-typography-text-font-family ), Sans-serif;\"><span style=\"color: var( --e-global-color-text );\">\u00a0Tirols &#8211; Angebote au\u00dferhalb k\u00f6nnen gerne auf Anfrage gestellt werden.<\/span><\/span><\/p><p class=\"p1\"><span class=\"s1\">Rechnungsstellung erfolgt ohne Ausweis der Umsatzsteuer nach \u00a719 UStG. <\/span><\/p><p><span style=\"font-family: var( --e-global-typography-text-font-family ), Sans-serif;\"><span style=\"color: var( --e-global-color-text );\">\u00a0<\/span><\/span><\/p>\t\t\t\t\t\t<\/div>\n\t\t\t\t<\/div>\n\t\t\t\t\t<\/div>\n\t\t<\/div>\n\t\t\t\t\t<\/div>\n\t\t<\/section>\n\t\t\t\t<section class=\"elementor-section elementor-top-section elementor-element elementor-element-083ae77 elementor-section-boxed elementor-section-height-default elementor-section-height-default\" data-id=\"083ae77\" data-element_type=\"section\">\n\t\t\t\t\t\t<div class=\"elementor-container elementor-column-gap-default\">\n\t\t\t\t\t<div class=\"elementor-column elementor-col-100 elementor-top-column elementor-element elementor-element-9af5340\" data-id=\"9af5340\" data-element_type=\"column\">\n\t\t\t<div class=\"elementor-widget-wrap\">\n\t\t\t\t\t\t\t<\/div>\n\t\t<\/div>\n\t\t\t\t\t<\/div>\n\t\t<\/section>\n\t\t\t\t<section class=\"elementor-section elementor-top-section elementor-element elementor-element-ea8e86a elementor-section-boxed elementor-section-height-default elementor-section-height-default\" data-id=\"ea8e86a\" data-element_type=\"section\">\n\t\t\t\t\t\t<div class=\"elementor-container elementor-column-gap-default\">\n\t\t\t\t\t<div class=\"elementor-column elementor-col-50 elementor-top-column elementor-element elementor-element-b0fce3d\" data-id=\"b0fce3d\" data-element_type=\"column\">\n\t\t\t<div class=\"elementor-widget-wrap elementor-element-populated\">\n\t\t\t\t\t\t<div class=\"elementor-element elementor-element-b20df11 elementor-widget elementor-widget-text-editor\" data-id=\"b20df11\" data-element_type=\"widget\" data-widget_type=\"text-editor.default\">\n\t\t\t\t<div class=\"elementor-widget-container\">\n\t\t\t\t\t\t\t<h3>Styling-Paket Klein<\/h3><p>Haare und Make-up im Nat\u00fcrlichen Stil.<br \/>Kein Airbrush, keine pomp\u00f6sen Hochsteckfrisuren, sowie kr\u00e4ftige Farben oder Eyeliner.<br \/>Das perfekte Paket f\u00fcr einen Boho-Stil oder ganz leichte, luftige Feiern.<\/p><p>Einzel-Termin: \u20ac 175<\/p>\t\t\t\t\t\t<\/div>\n\t\t\t\t<\/div>\n\t\t\t\t\t<\/div>\n\t\t<\/div>\n\t\t\t\t<div class=\"elementor-column elementor-col-50 elementor-top-column elementor-element elementor-element-082c8e6\" data-id=\"082c8e6\" data-element_type=\"column\">\n\t\t\t<div class=\"elementor-widget-wrap elementor-element-populated\">\n\t\t\t\t\t\t<div class=\"elementor-element elementor-element-e0ada46 elementor-widget elementor-widget-text-editor\" data-id=\"e0ada46\" data-element_type=\"widget\" data-widget_type=\"text-editor.default\">\n\t\t\t\t<div class=\"elementor-widget-container\">\n\t\t\t\t\t\t\t<h4 style=\"text-align: right;\">\u20ac 350<\/h4>\t\t\t\t\t\t<\/div>\n\t\t\t\t<\/div>\n\t\t\t\t\t<\/div>\n\t\t<\/div>\n\t\t\t\t\t<\/div>\n\t\t<\/section>\n\t\t\t\t<section class=\"elementor-section elementor-top-section elementor-element elementor-element-a29a8f0 elementor-section-boxed elementor-section-height-default elementor-section-height-default\" data-id=\"a29a8f0\" data-element_type=\"section\">\n\t\t\t\t\t\t<div class=\"elementor-container elementor-column-gap-default\">\n\t\t\t\t\t<div class=\"elementor-column elementor-col-100 elementor-top-column elementor-element elementor-element-2f5ee1e\" data-id=\"2f5ee1e\" data-element_type=\"column\">\n\t\t\t<div class=\"elementor-widget-wrap\">\n\t\t\t\t\t\t\t<\/div>\n\t\t<\/div>\n\t\t\t\t\t<\/div>\n\t\t<\/section>\n\t\t\t\t<section class=\"elementor-section elementor-top-section elementor-element elementor-element-0cb74d8 elementor-section-boxed elementor-section-height-default elementor-section-height-default\" data-id=\"0cb74d8\" data-element_type=\"section\">\n\t\t\t\t\t\t<div class=\"elementor-container elementor-column-gap-default\">\n\t\t\t\t\t<div class=\"elementor-column elementor-col-50 elementor-top-column elementor-element elementor-element-9e6be73\" data-id=\"9e6be73\" data-element_type=\"column\">\n\t\t\t<div class=\"elementor-widget-wrap elementor-element-populated\">\n\t\t\t\t\t\t<div class=\"elementor-element elementor-element-7ca226a elementor-widget elementor-widget-text-editor\" data-id=\"7ca226a\" data-element_type=\"widget\" data-widget_type=\"text-editor.default\">\n\t\t\t\t<div class=\"elementor-widget-container\">\n\t\t\t\t\t\t\t<h3>Styling-Paket Mittel<\/h3><p>Wenn das Styling nat\u00fcrlich sein darf und wir die eigene Sch\u00f6nheit zum strahlen bringen.<br \/>Leichte Steckfrisuren und etwas kr\u00e4ftigere Farben oder Eyeliner, sowie geklebte Wimpern oder andere spezielle W\u00fcnsche.<\/p><p><span style=\"color: var( --e-global-color-text ); font-family: var( --e-global-typography-text-font-family ), Sans-serif;\">Einzel-Termin: \u20ac 225<\/span><\/p>\t\t\t\t\t\t<\/div>\n\t\t\t\t<\/div>\n\t\t\t\t\t<\/div>\n\t\t<\/div>\n\t\t\t\t<div class=\"elementor-column elementor-col-50 elementor-top-column elementor-element elementor-element-d9c2694\" data-id=\"d9c2694\" data-element_type=\"column\">\n\t\t\t<div class=\"elementor-widget-wrap elementor-element-populated\">\n\t\t\t\t\t\t<div class=\"elementor-element elementor-element-f650a91 elementor-widget elementor-widget-text-editor\" data-id=\"f650a91\" data-element_type=\"widget\" data-widget_type=\"text-editor.default\">\n\t\t\t\t<div class=\"elementor-widget-container\">\n\t\t\t\t\t\t\t<h4 style=\"text-align: right;\">\u20ac 450<\/h4>\t\t\t\t\t\t<\/div>\n\t\t\t\t<\/div>\n\t\t\t\t\t<\/div>\n\t\t<\/div>\n\t\t\t\t\t<\/div>\n\t\t<\/section>\n\t\t\t\t<section class=\"elementor-section elementor-top-section elementor-element elementor-element-fa8f6b3 elementor-section-boxed elementor-section-height-default elementor-section-height-default\" data-id=\"fa8f6b3\" data-element_type=\"section\">\n\t\t\t\t\t\t<div class=\"elementor-container elementor-column-gap-default\">\n\t\t\t\t\t<div class=\"elementor-column elementor-col-100 elementor-top-column elementor-element elementor-element-59cb6cb\" data-id=\"59cb6cb\" data-element_type=\"column\">\n\t\t\t<div class=\"elementor-widget-wrap\">\n\t\t\t\t\t\t\t<\/div>\n\t\t<\/div>\n\t\t\t\t\t<\/div>\n\t\t<\/section>\n\t\t\t\t<section class=\"elementor-section elementor-top-section elementor-element elementor-element-cb444c4 elementor-section-boxed elementor-section-height-default elementor-section-height-default\" data-id=\"cb444c4\" data-element_type=\"section\">\n\t\t\t\t\t\t<div class=\"elementor-container elementor-column-gap-default\">\n\t\t\t\t\t<div class=\"elementor-column elementor-col-50 elementor-top-column elementor-element elementor-element-5d58439\" data-id=\"5d58439\" data-element_type=\"column\">\n\t\t\t<div class=\"elementor-widget-wrap elementor-element-populated\">\n\t\t\t\t\t\t<div class=\"elementor-element elementor-element-f2f2e93 elementor-widget elementor-widget-text-editor\" data-id=\"f2f2e93\" data-element_type=\"widget\" data-widget_type=\"text-editor.default\">\n\t\t\t\t<div class=\"elementor-widget-container\">\n\t\t\t\t\t\t\t<h3>Styling-Paket \u00a0Gro\u00df<\/h3><p>Wenn es ein bisschen mehr sein darf&#8230;<br \/>Dann ist dieses Paket passend!<br \/>Kr\u00e4ftige Make-ups, Airbrush-Techniken, geklebte Wimpern oder auch eine Hochsteckfrisur.\u00a0<\/p><p>Einzel-Termin: \u20ac 275<\/p>\t\t\t\t\t\t<\/div>\n\t\t\t\t<\/div>\n\t\t\t\t\t<\/div>\n\t\t<\/div>\n\t\t\t\t<div class=\"elementor-column elementor-col-50 elementor-top-column elementor-element elementor-element-7ce2741\" data-id=\"7ce2741\" data-element_type=\"column\">\n\t\t\t<div class=\"elementor-widget-wrap elementor-element-populated\">\n\t\t\t\t\t\t<div class=\"elementor-element elementor-element-2d4577e elementor-widget elementor-widget-text-editor\" data-id=\"2d4577e\" data-element_type=\"widget\" data-widget_type=\"text-editor.default\">\n\t\t\t\t<div class=\"elementor-widget-container\">\n\t\t\t\t\t\t\t<h4 style=\"text-align: right;\">\u20ac 550<\/h4>\t\t\t\t\t\t<\/div>\n\t\t\t\t<\/div>\n\t\t\t\t\t<\/div>\n\t\t<\/div>\n\t\t\t\t\t<\/div>\n\t\t<\/section>\n\t\t\t\t<section class=\"elementor-section elementor-top-section elementor-element elementor-element-d7eba5a elementor-section-boxed elementor-section-height-default elementor-section-height-default\" data-id=\"d7eba5a\" data-element_type=\"section\">\n\t\t\t\t\t\t<div class=\"elementor-container elementor-column-gap-default\">\n\t\t\t\t\t<div class=\"elementor-column elementor-col-100 elementor-top-column elementor-element elementor-element-be225fa\" data-id=\"be225fa\" data-element_type=\"column\">\n\t\t\t<div class=\"elementor-widget-wrap\">\n\t\t\t\t\t\t\t<\/div>\n\t\t<\/div>\n\t\t\t\t\t<\/div>\n\t\t<\/section>\n\t\t\t\t<section class=\"elementor-section elementor-top-section elementor-element elementor-element-1decc70 elementor-section-boxed elementor-section-height-default elementor-section-height-default\" data-id=\"1decc70\" data-element_type=\"section\">\n\t\t\t\t\t\t<div class=\"elementor-container elementor-column-gap-default\">\n\t\t\t\t\t<div class=\"elementor-column elementor-col-50 elementor-top-column elementor-element elementor-element-2716c30\" data-id=\"2716c30\" data-element_type=\"column\">\n\t\t\t<div class=\"elementor-widget-wrap elementor-element-populated\">\n\t\t\t\t\t\t<div class=\"elementor-element elementor-element-739907b elementor-widget elementor-widget-text-editor\" data-id=\"739907b\" data-element_type=\"widget\" data-widget_type=\"text-editor.default\">\n\t\t\t\t<div class=\"elementor-widget-container\">\n\t\t\t\t\t\t\t<h3>Grooming<\/h3>\n<p>Das Styling f\u00fcr den Mann!<br>Ganz nat\u00fcrlich werden hier kleine Makel \u00fcberdeckt, um vorteilhafte Z\u00fcge in den Vordergrund zu r\u00fccken.<\/p>\n<p>Einzel-Termin: \u20ac 20<\/p>\t\t\t\t\t\t<\/div>\n\t\t\t\t<\/div>\n\t\t\t\t\t<\/div>\n\t\t<\/div>\n\t\t\t\t<div class=\"elementor-column elementor-col-50 elementor-top-column elementor-element elementor-element-041fecd\" data-id=\"041fecd\" data-element_type=\"column\">\n\t\t\t<div class=\"elementor-widget-wrap elementor-element-populated\">\n\t\t\t\t\t\t<div class=\"elementor-element elementor-element-8d7d42c elementor-widget elementor-widget-text-editor\" data-id=\"8d7d42c\" data-element_type=\"widget\" data-widget_type=\"text-editor.default\">\n\t\t\t\t<div class=\"elementor-widget-container\">\n\t\t\t\t\t\t\t<h4 style=\"text-align: right;\">\u20ac 40<\/h4>\t\t\t\t\t\t<\/div>\n\t\t\t\t<\/div>\n\t\t\t\t\t<\/div>\n\t\t<\/div>\n\t\t\t\t\t<\/div>\n\t\t<\/section>\n\t\t\t\t<section class=\"elementor-section elementor-top-section elementor-element elementor-element-2b3fcb4 elementor-section-boxed elementor-section-height-default elementor-section-height-default\" data-id=\"2b3fcb4\" data-element_type=\"section\">\n\t\t\t\t\t\t<div class=\"elementor-container elementor-column-gap-default\">\n\t\t\t\t\t<div class=\"elementor-column elementor-col-100 elementor-top-column elementor-element elementor-element-515aaf6\" data-id=\"515aaf6\" data-element_type=\"column\">\n\t\t\t<div class=\"elementor-widget-wrap\">\n\t\t\t\t\t\t\t<\/div>\n\t\t<\/div>\n\t\t\t\t\t<\/div>\n\t\t<\/section>\n\t\t\t\t<\/div>\n\t\t","protected":false},"excerpt":{"rendered":"<p>Mit einem Paket, alles gedeckt! Ein Paket enth\u00e4lt jeweils Frisur, Make-up und 2 Termine.Den Ersten, um uns besser kennen zu lernen und vorab bereits\u00a0in einem Probe-Styling sicher zu gehen, wie und was am gro\u00dfen Tag gemacht wird und der zweite Termin, besteht aus dem finalen Styling-Tag.Auf Anfrage sind auch Einzel-Termine oder Einzel-Dienstleistungen m\u00f6glich und es\u00a0k\u00f6nnen&hellip; <br \/> <a class=\"read-more\" href=\"https:\/\/www.justjolie.at\/?page_id=824\">Weiterlesen<\/a><\/p>\n","protected":false},"author":1,"featured_media":0,"parent":0,"menu_order":0,"comment_status":"closed","ping_status":"closed","template":"","meta":{"inline_featured_image":false,"footnotes":""},"class_list":["post-824","page","type-page","status-publish","hentry"],"_links":{"self":[{"href":"https:\/\/www.justjolie.at\/index.php?rest_route=\/wp\/v2\/pages\/824"}],"collection":[{"href":"https:\/\/www.justjolie.at\/index.php?rest_route=\/wp\/v2\/pages"}],"about":[{"href":"https:\/\/www.justjolie.at\/index.php?rest_route=\/wp\/v2\/types\/page"}],"author":[{"embeddable":true,"href":"https:\/\/www.justjolie.at\/index.php?rest_route=\/wp\/v2\/users\/1"}],"replies":[{"embeddable":true,"href":"https:\/\/www.justjolie.at\/index.php?rest_route=%2Fwp%2Fv2%2Fcomments&post=824"}],"version-history":[{"count":27,"href":"https:\/\/www.justjolie.at\/index.php?rest_route=\/wp\/v2\/pages\/824\/revisions"}],"predecessor-version":[{"id":1144,"href":"https:\/\/www.justjolie.at\/index.php?rest_route=\/wp\/v2\/pages\/824\/revisions\/1144"}],"wp:attachment":[{"href":"https:\/\/www.justjolie.at\/index.php?rest_route=%2Fwp%2Fv2%2Fmedia&parent=824"}],"curies":[{"name":"wp","href":"https:\/\/api.w.org\/{rel}","templated":true}]}}